{"id":5759,"date":"2024-12-19T16:35:36","date_gmt":"2024-12-19T16:35:36","guid":{"rendered":"https:\/\/agrag.cl\/?page_id=5759"},"modified":"2026-04-09T19:13:28","modified_gmt":"2026-04-09T19:13:28","slug":"noticias","status":"publish","type":"page","link":"https:\/\/agrag.cl\/en\/noticias\/","title":{"rendered":"News"},"content":{"rendered":"<div class=\"wp-block-uagb-container uagb-block-8499b36a default uagb-is-root-container\">\n<div class=\"wp-block-uagb-container uagb-block-49839cfa\">\n<div class=\"wp-block-uagb-info-box uagb-block-fcfb280f uagb-infobox__content-wrap  uagb-infobox-icon-above-title uagb-infobox-image-valign-top wp-block-uagb-info-box--has-margin\"><div class=\"uagb-infobox-margin-wrapper\"><div class=\"uagb-ifb-content\"><div class=\"uagb-ifb-separator\"><\/div><div class=\"uagb-ifb-title-wrap\"><h1 class=\"uagb-ifb-title\">News<\/h1><\/div><\/div><\/div><\/div>\n<\/div>\n<\/div>\n\n\n\n<div class=\"wp-block-columns is-layout-flex wp-container-core-columns-is-layout-1 wp-block-columns-is-layout-flex\">\n<div class=\"wp-block-column is-layout-flow wp-block-column-is-layout-flow\">\n<div class=\"wp-block-uagb-info-box uagb-block-dd5119de uagb-infobox__content-wrap  uagb-infobox-icon-above-title uagb-infobox-image-valign-top\"><div class=\"uagb-ifb-content\"><div class=\"uagb-ifb-title-wrap\"><h3 class=\"uagb-ifb-title\"><strong><strong><a href=\"https:\/\/agrag.cl\/en\/agr-valora-el-reingreso-a-la-contraloria-de-las-modificaciones-a-reglamentos-por-parte-del-ministerio-de-energia\/\" target=\"_blank\" rel=\"noopener\" title=\"wpd Chile se suma como socio a la Asociaci\u00f3n de Generaci\u00f3n Renovable (AGR) e ingresa a su directorio\">AGR valora el reingreso a la Contralor\u00eda de las modificaciones a reglamentos por parte del Ministerio de Energ\u00eda<\/a><\/strong><\/strong><\/h3><\/div><p class=\"uagb-ifb-desc\">Fecha: 9 de abril, 2026<\/p><\/div><\/div>\n<\/div>\n\n\n\n<div class=\"wp-block-column is-layout-flow wp-block-column-is-layout-flow\"><\/div>\n<\/div>\n\n\n\n<div class=\"wp-block-columns is-layout-flex wp-container-core-columns-is-layout-2 wp-block-columns-is-layout-flex\">\n<div class=\"wp-block-column is-layout-flow wp-block-column-is-layout-flow\">\n<div class=\"wp-block-uagb-info-box uagb-block-244140e7 uagb-infobox__content-wrap  uagb-infobox-icon-above-title uagb-infobox-image-valign-top\"><div class=\"uagb-ifb-content\"><div class=\"uagb-ifb-title-wrap\"><h3 class=\"uagb-ifb-title\"><strong><a href=\"https:\/\/agrag.cl\/en\/wpd-chile-se-suma-como-socio-a-la-asociacion-de-generacion-renovable-agr-e-ingresa-a-su-directorio\/\" target=\"_blank\" rel=\"noopener\" title=\"wpd Chile se suma como socio a la Asociaci\u00f3n de Generaci\u00f3n Renovable (AGR) e ingresa a su directorio\">wpd Chile se suma como socio a la Asociaci\u00f3n de Generaci\u00f3n Renovable (AGR) e ingresa a su directorio<\/a><\/strong><\/h3><\/div><p class=\"uagb-ifb-desc\">Fecha: 19 de marzo, 2026<\/p><\/div><\/div>\n<\/div>\n\n\n\n<div class=\"wp-block-column is-layout-flow wp-block-column-is-layout-flow\">\n<div class=\"wp-block-group is-nowrap is-layout-flex wp-container-core-group-is-layout-1 wp-block-group-is-layout-flex\">\n<div class=\"wp-block-uagb-info-box uagb-block-960913e6 uagb-infobox__content-wrap  uagb-infobox-icon-above-title uagb-infobox-image-valign-top\"><div class=\"uagb-ifb-content\"><div class=\"uagb-ifb-title-wrap\"><h3 class=\"uagb-ifb-title\"><a href=\"https:\/\/agrag.cl\/en\/generacion-diesel-y-distorsiones\/\" target=\"_blank\" rel=\"noopener\" title=\"Generaci\u00f3n di\u00e9sel y distorsiones\">Generaci\u00f3n di\u00e9sel y distorsiones<\/a><\/h3><\/div><p class=\"uagb-ifb-desc\">Fecha: 2 de septiembre, 2025<\/p><\/div><\/div>\n<\/div>\n<\/div>\n<\/div>\n\n\n\n<div class=\"wp-block-columns is-layout-flex wp-container-core-columns-is-layout-3 wp-block-columns-is-layout-flex\">\n<div class=\"wp-block-column is-layout-flow wp-block-column-is-layout-flow\">\n<div class=\"wp-block-group is-nowrap is-layout-flex wp-container-core-group-is-layout-2 wp-block-group-is-layout-flex\">\n<div class=\"wp-block-uagb-info-box uagb-block-dc7dab67 uagb-infobox__content-wrap  uagb-infobox-icon-above-title uagb-infobox-image-valign-top\"><div class=\"uagb-ifb-content\"><div class=\"uagb-ifb-title-wrap\"><h3 class=\"uagb-ifb-title\"><a href=\"https:\/\/agrag.cl\/en\/asociacion-de-generacion-renovable-se-refiere-a-formulacion-de-cargos-por-parte-de-la-sec-tras-el-apagon-nacional-del-25-de-febrero-de-2025\/\" target=\"_blank\" rel=\"noopener\" title=\"Coordinador El\u00e9ctrico Nacional libera restricci\u00f3n en l\u00ednea de transmisi\u00f3n tras cuestionamiento de las empresas de energ\u00eda renovable\">Asociaci\u00f3n de Generaci\u00f3n Renovable se refiere a formulaci\u00f3n de cargos por parte de la SEC tras el apag\u00f3n nacional del 25 de febrero de 2025<\/a><\/h3><\/div><p class=\"uagb-ifb-desc\">Fecha: 4 de agosto, 2025<\/p><\/div><\/div>\n<\/div>\n<\/div>\n\n\n\n<div class=\"wp-block-column is-layout-flow wp-block-column-is-layout-flow\">\n<div class=\"wp-block-uagb-info-box uagb-block-b4a6999e uagb-infobox__content-wrap  uagb-infobox-icon-above-title uagb-infobox-image-valign-top\"><div class=\"uagb-ifb-content\"><div class=\"uagb-ifb-title-wrap\"><h3 class=\"uagb-ifb-title\"><a href=\"https:\/\/agrag.cl\/en\/declaracion-de-agr-a-g-por-cambios-al-reglamento-de-los-pmgd\/\" target=\"_blank\" rel=\"noopener\" title=\"Coordinador El\u00e9ctrico Nacional libera restricci\u00f3n en l\u00ednea de transmisi\u00f3n tras cuestionamiento de las empresas de energ\u00eda renovable\">Declaraci\u00f3n de AGR A.G. por cambios al reglamento de los PMGD<\/a><\/h3><\/div><p class=\"uagb-ifb-desc\">Fecha: 10 de julio, 2025<\/p><\/div><\/div>\n<\/div>\n<\/div>\n\n\n\n<div class=\"wp-block-columns is-layout-flex wp-container-core-columns-is-layout-4 wp-block-columns-is-layout-flex\">\n<div class=\"wp-block-column is-layout-flow wp-block-column-is-layout-flow\">\n<div class=\"wp-block-group is-nowrap is-layout-flex wp-container-core-group-is-layout-3 wp-block-group-is-layout-flex\">\n<div class=\"wp-block-uagb-info-box uagb-block-2fd6b433 uagb-infobox__content-wrap  uagb-infobox-icon-above-title uagb-infobox-image-valign-top\"><div class=\"uagb-ifb-content\"><div class=\"uagb-ifb-title-wrap\"><h3 class=\"uagb-ifb-title\"><a href=\"https:\/\/agrag.cl\/en\/agr-a-g-valora-cargos-de-la-sec-contra-colbun-s-a-y-el-consejo-directivo-del-cen\/\" target=\"_blank\" rel=\"noopener\" title=\"\">AGR A.G. valora cargos de la SEC <\/a><\/h3><\/div><p class=\"uagb-ifb-desc\">Fecha: 10 de julio, 2025<\/p><\/div><\/div>\n<\/div>\n<\/div>\n\n\n\n<div class=\"wp-block-column is-layout-flow wp-block-column-is-layout-flow\">\n<div class=\"wp-block-uagb-info-box uagb-block-60991b44 uagb-infobox__content-wrap  uagb-infobox-icon-above-title uagb-infobox-image-valign-top\"><div class=\"uagb-ifb-content\"><div class=\"uagb-ifb-title-wrap\"><h3 class=\"uagb-ifb-title\"><a href=\"https:\/\/agrag.cl\/en\/la-mayoria-de-los-gremios-esta-intentando-mantener-el-statu-quo-regulatorio-y-los-privilegios-que-les-permite-capturar\/\" target=\"_blank\" rel=\"noopener\" title=\"Coordinador El\u00e9ctrico Nacional libera restricci\u00f3n en l\u00ednea de transmisi\u00f3n tras cuestionamiento de las empresas de energ\u00eda renovable\">\u201cLa mayor\u00eda de los gremios est\u00e1 intentando mantener el statu quo regulatorio y los privilegios que les permite capturar\u201d<\/a><\/h3><\/div><p class=\"uagb-ifb-desc\">Fecha: 17 de junio, 2025<\/p><\/div><\/div>\n<\/div>\n<\/div>\n\n\n\n<div class=\"wp-block-columns is-layout-flex wp-container-core-columns-is-layout-5 wp-block-columns-is-layout-flex\">\n<div class=\"wp-block-column is-layout-flow wp-block-column-is-layout-flow\">\n<div class=\"wp-block-group is-nowrap is-layout-flex wp-container-core-group-is-layout-4 wp-block-group-is-layout-flex\">\n<div class=\"wp-block-uagb-info-box uagb-block-f1a40421 uagb-infobox__content-wrap  uagb-infobox-icon-above-title uagb-infobox-image-valign-top\"><div class=\"uagb-ifb-content\"><div class=\"uagb-ifb-title-wrap\"><h3 class=\"uagb-ifb-title\"><a href=\"https:\/\/agrag.cl\/en\/agr-a-g-y-socios-de-apemec-se-unen-y-conforman-una-voz-gremial-unificada-para-las-centrales-de-energias-renovables-de-chile\/\" target=\"_blank\" rel=\"noopener\" title=\"Coordinador El\u00e9ctrico Nacional libera restricci\u00f3n en l\u00ednea de transmisi\u00f3n tras cuestionamiento de las empresas de energ\u00eda renovable\">AGR A.G. y socios de APEMEC se unen y conforman una voz gremial unificada para las centrales de energ\u00edas renovables de Chile<\/a><\/h3><\/div><p class=\"uagb-ifb-desc\">Fecha: 27 de abril, 2025<\/p><\/div><\/div>\n\n\n\n<div class=\"wp-block-uagb-info-box uagb-block-434bc464 uagb-infobox__content-wrap  uagb-infobox-icon-above-title uagb-infobox-image-valign-top\"><div class=\"uagb-ifb-content\"><div class=\"uagb-ifb-title-wrap\"><h3 class=\"uagb-ifb-title\"><a href=\"https:\/\/agrag.cl\/en\/jaime-toledo-en-energia-estrategica-las-renovables-a-gran-escala-enfrentan-una-competencia-asimetrica-que-impide-su-despliegue\/\" target=\"_blank\" rel=\"noopener\" title=\"\">Jaime Toledo en Energ\u00eda Estrat\u00e9gica: \u201cLas renovables a gran escala enfrentan una competencia asim\u00e9trica que impide su despliegue\u201d<\/a><\/h3><\/div><p class=\"uagb-ifb-desc\">Fecha: 21 de abril, 2025<\/p><\/div><\/div>\n<\/div>\n<\/div>\n<\/div>\n\n\n\n<div class=\"wp-block-columns is-layout-flex wp-container-core-columns-is-layout-6 wp-block-columns-is-layout-flex\">\n<div class=\"wp-block-column is-layout-flow wp-block-column-is-layout-flow\">\n<div class=\"wp-block-group is-nowrap is-layout-flex wp-container-core-group-is-layout-5 wp-block-group-is-layout-flex\">\n<div class=\"wp-block-uagb-info-box uagb-block-88905b37 uagb-infobox__content-wrap  uagb-infobox-icon-above-title uagb-infobox-image-valign-top\"><div class=\"uagb-ifb-content\"><div class=\"uagb-ifb-title-wrap\"><h3 class=\"uagb-ifb-title\"><a href=\"https:\/\/agrag.cl\/en\/agr-solicita-reprogramacion-de-trabajos-en-lineas-de-transmision-para-evitar-vertimiento-de-energia-renovable\/\" target=\"_blank\" rel=\"noopener\" title=\"Coordinador El\u00e9ctrico Nacional libera restricci\u00f3n en l\u00ednea de transmisi\u00f3n tras cuestionamiento de las empresas de energ\u00eda renovable\">AGR solicita reprogramaci\u00f3n de trabajos en l\u00edneas de transmisi\u00f3n para evitar vertimiento de energ\u00eda renovable<\/a><\/h3><\/div><p class=\"uagb-ifb-desc\">Fecha: 09 de abril, 2025<\/p><\/div><\/div>\n\n\n\n<div class=\"wp-block-uagb-info-box uagb-block-0995bd5e uagb-infobox__content-wrap  uagb-infobox-icon-above-title uagb-infobox-image-valign-top\"><div class=\"uagb-ifb-content\"><div class=\"uagb-ifb-title-wrap\"><h3 class=\"uagb-ifb-title\"><a href=\"https:\/\/agrag.cl\/en\/agr-solicita-reprogramacion-de-trabajos-en-lineas-de-transmision-para-evitar-vertimiento-de-energia-renovable\/\" target=\"_blank\" rel=\"noopener\" title=\"Coordinador El\u00e9ctrico Nacional libera restricci\u00f3n en l\u00ednea de transmisi\u00f3n tras cuestionamiento de las empresas de energ\u00eda renovable\">Jaime Toledo en Revista Nueva Miner\u00eda y Energ\u00eda: \u201cEs urgente contar con un marco regulatorio que fomente la libre competencia en energ\u00edas limpias\u201d<\/a><\/h3><\/div><p class=\"uagb-ifb-desc\">Fecha: 08 de abril, 2025<\/p><\/div><\/div>\n<\/div>\n<\/div>\n<\/div>\n\n\n\n<div class=\"wp-block-columns is-layout-flex wp-container-core-columns-is-layout-7 wp-block-columns-is-layout-flex\">\n<div class=\"wp-block-column is-layout-flow wp-block-column-is-layout-flow\">\n<div class=\"wp-block-uagb-info-box uagb-block-6abf3072 uagb-infobox__content-wrap  uagb-infobox-icon-above-title uagb-infobox-image-valign-top\"><div class=\"uagb-ifb-content\"><div class=\"uagb-ifb-title-wrap\"><h3 class=\"uagb-ifb-title\"><a href=\"https:\/\/agrag.cl\/en\/coordinador-electrico-nacional-libera-restriccion-en-linea-de-transmision-tras-el-cuestionamiento-de-las-empresas-de-energia-renovable\/\" target=\"_blank\" rel=\"noopener\" title=\"Coordinador El\u00e9ctrico Nacional libera restricci\u00f3n en l\u00ednea de transmisi\u00f3n tras cuestionamiento de las empresas de energ\u00eda renovable\">Coordinador El\u00e9ctrico Nacional libera restricci\u00f3n en l\u00ednea de transmisi\u00f3n tras cuestionamiento de las empresas de energ\u00eda renovable<\/a><\/h3><\/div><p class=\"uagb-ifb-desc\">Fecha: 19 de marzo, 2025<\/p><\/div><\/div>\n<\/div>\n\n\n\n<div class=\"wp-block-column is-layout-flow wp-block-column-is-layout-flow\">\n<div class=\"wp-block-uagb-info-box uagb-block-51e76e06 uagb-infobox__content-wrap  uagb-infobox-icon-above-title uagb-infobox-image-valign-top\"><div class=\"uagb-ifb-content\"><div class=\"uagb-ifb-title-wrap\"><h3 class=\"uagb-ifb-title\"><a href=\"https:\/\/agrag.cl\/en\/jaime-toledo-en-revista-nueva-mineria-y-energia-es-urgente-contar-con-un-marco-regulatorio-que-fomente-la-libre-competencia-en-energias-limpias\/\" target=\"_blank\" rel=\"noopener\" title=\"\">AGR solicita aclaraciones sobre restricciones en la transmisi\u00f3n el\u00e9ctrica<\/a><\/h3><\/div><p class=\"uagb-ifb-desc\">Fecha: 10 de marzo, 2025<\/p><\/div><\/div>\n<\/div>\n<\/div>\n\n\n\n<div class=\"wp-block-columns is-layout-flex wp-container-core-columns-is-layout-8 wp-block-columns-is-layout-flex\">\n<div class=\"wp-block-column is-layout-flow wp-block-column-is-layout-flow\">\n<div class=\"wp-block-uagb-info-box uagb-block-8dd665ab uagb-infobox__content-wrap  uagb-infobox-icon-above-title uagb-infobox-image-valign-top\"><div class=\"uagb-ifb-content\"><div class=\"uagb-ifb-title-wrap\"><h3 class=\"uagb-ifb-title\"><a href=\"https:\/\/agrag.cl\/en\/jaime-toledo-en-el-mercurio-hay-muchos-intereses-contrapuestos-que-van-desacelerando-un-poco-la-transicion-energetica\/\" target=\"_blank\" rel=\"noopener\" title=\"\">Jaime Toledo in El Mercurio: \"There are a lot of competing interests that are slowing down the energy transition a bit\"<\/a><\/h3><\/div><p class=\"uagb-ifb-desc\">Date: February 4th, 2025<\/p><\/div><\/div>\n<\/div>\n\n\n\n<div class=\"wp-block-column is-layout-flow wp-block-column-is-layout-flow\">\n<div class=\"wp-block-uagb-info-box uagb-block-e69111cf uagb-infobox__content-wrap  uagb-infobox-icon-above-title uagb-infobox-image-valign-top\"><div class=\"uagb-ifb-content\"><div class=\"uagb-ifb-title-wrap\"><h3 class=\"uagb-ifb-title\"><a href=\"https:\/\/agrag.cl\/en\/presidente-de-agr-a-g-expone-en-el-senado-sobre-subsidio-electrico-y-su-impacto-en-la-transicion-energetica\/\" target=\"_blank\" rel=\"noopener\" title=\"\">President of AGR A.G. speaks at the Senate on electricity subsidy and its impact on energy transition<\/a><\/h3><\/div><p class=\"uagb-ifb-desc\">Date: February 2nd, 2025<\/p><\/div><\/div>\n<\/div>\n<\/div>\n\n\n\n<div class=\"wp-block-columns is-layout-flex wp-container-core-columns-is-layout-9 wp-block-columns-is-layout-flex\">\n<div class=\"wp-block-column is-layout-flow wp-block-column-is-layout-flow\">\n<div class=\"wp-block-uagb-info-box uagb-block-ba5edd8c uagb-infobox__content-wrap  uagb-infobox-icon-above-title uagb-infobox-image-valign-top\"><div class=\"uagb-ifb-content\"><div class=\"uagb-ifb-title-wrap\"><h3 class=\"uagb-ifb-title\"><a href=\"https:\/\/agrag.cl\/en\/se-debe-garantizar-igualdad-de-condiciones\/\" target=\"_blank\" rel=\"noopener\" title=\"\">Interview in Revista Electricidad: \u201cA level playing field must be guaranteed\u201d<\/a><\/h3><\/div><p class=\"uagb-ifb-desc\">Date: Janurary 31st, 2025<\/p><\/div><\/div>\n<\/div>\n\n\n\n<div class=\"wp-block-column is-layout-flow wp-block-column-is-layout-flow\">\n<div class=\"wp-block-uagb-info-box uagb-block-bb97d41d uagb-infobox__content-wrap  uagb-infobox-icon-above-title uagb-infobox-image-valign-top\"><div class=\"uagb-ifb-content\"><div class=\"uagb-ifb-title-wrap\"><h3 class=\"uagb-ifb-title\"><a href=\"https:\/\/agrag.cl\/en\/directorio-de-agr-presenta-la-asociacion-a-ministro-diego-pardow\/\" target=\"_blank\" rel=\"noopener\" title=\"\">AGR Board of Directors presents the Association to Minister Diego Pardow<\/a><\/h3><\/div><p class=\"uagb-ifb-desc\">Date: January 20th, 2025<\/p><\/div><\/div>\n<\/div>\n<\/div>\n\n\n\n<div class=\"wp-block-columns is-layout-flex wp-container-core-columns-is-layout-10 wp-block-columns-is-layout-flex\">\n<div class=\"wp-block-column is-layout-flow wp-block-column-is-layout-flow\">\n<div class=\"wp-block-uagb-info-box uagb-block-91a65e65 uagb-infobox__content-wrap  uagb-infobox-icon-above-title uagb-infobox-image-valign-top\"><div class=\"uagb-ifb-content\"><div class=\"uagb-ifb-title-wrap\"><h3 class=\"uagb-ifb-title\"><a href=\"https:\/\/agrag.cl\/en\/agr-se-reune-con-el-ministro-nicolas-grau\/\" target=\"_blank\" rel=\"noopener\" title=\"\">AGR holds meeting with Minister Nicol\u00e1s Grau<\/a><\/h3><\/div><p class=\"uagb-ifb-desc\">Date: December 21st, 2024<\/p><\/div><\/div>\n<\/div>\n\n\n\n<div class=\"wp-block-column is-layout-flow wp-block-column-is-layout-flow\">\n<div class=\"wp-block-uagb-info-box uagb-block-3a7e3e8c uagb-infobox__content-wrap  uagb-infobox-icon-above-title uagb-infobox-image-valign-top\"><div class=\"uagb-ifb-content\"><div class=\"uagb-ifb-title-wrap\"><h3 class=\"uagb-ifb-title\"><a href=\"https:\/\/agrag.cl\/en\/agr-refuerza-lazos-con-alemania\/\" target=\"_blank\" rel=\"noopener\" title=\"\">AGR strengthens ties with Germany to promote energy transition in Chile<\/a><\/h3><\/div><p class=\"uagb-ifb-desc\">Date: December 3th, 2024<\/p><\/div><\/div>\n<\/div>\n<\/div>\n\n\n\n<div class=\"wp-block-columns is-layout-flex wp-container-core-columns-is-layout-11 wp-block-columns-is-layout-flex\">\n<div class=\"wp-block-column is-layout-flow wp-block-column-is-layout-flow\">\n<div class=\"wp-block-uagb-info-box uagb-block-c19dbfd0 uagb-infobox__content-wrap  uagb-infobox-icon-above-title uagb-infobox-image-valign-top\"><div class=\"uagb-ifb-content\"><div class=\"uagb-ifb-title-wrap\"><h3 class=\"uagb-ifb-title\"><a href=\"https:\/\/agrag.cl\/en\/reunion-agr-con-embajadora-ue\/\" target=\"_blank\" rel=\"noopener\" title=\"\">AGR meets EU Ambassador Claudia Gintersdorfer<\/a><\/h3><\/div><p class=\"uagb-ifb-desc\">Date: November 26th, 2024<\/p><\/div><\/div>\n<\/div>\n\n\n\n<div class=\"wp-block-column is-layout-flow wp-block-column-is-layout-flow\">\n<div class=\"wp-block-uagb-info-box uagb-block-7c0f2d45 uagb-infobox__content-wrap  uagb-infobox-icon-above-title uagb-infobox-image-valign-top\"><div class=\"uagb-ifb-content\"><div class=\"uagb-ifb-title-wrap\"><h3 class=\"uagb-ifb-title\"><a href=\"https:\/\/agrag.cl\/en\/nuevo-gremio\/\" target=\"_blank\" rel=\"noopener\" title=\"\"><\/a><a href=\"https:\/\/agrag.cl\/en\/nuevo-gremio\/\" target=\"_blank\" rel=\"noopener\" title=\"New guild of renewable generation companies: Asociaci\u00f3n de Generaci\u00f3n Renovable A.G.\">New guild of renewable generation companies: Asociaci\u00f3n de Generaci\u00f3n Renovable A.G.<\/a><\/h3><\/div><p class=\"uagb-ifb-desc\"><a href=\"Fecha: 24 de octubre, 2024\">Date: October 24th, 2024<\/a><\/p><\/div><\/div>\n<\/div>\n<\/div>\n\n\n\n<div class=\"wp-block-columns is-layout-flex wp-container-core-columns-is-layout-12 wp-block-columns-is-layout-flex\">\n<div class=\"wp-block-column is-layout-flow wp-block-column-is-layout-flow\">\n<div class=\"wp-block-group is-nowrap is-layout-flex wp-container-core-group-is-layout-6 wp-block-group-is-layout-flex\"><\/div>\n<\/div>\n<\/div>","protected":false},"excerpt":{"rendered":"","protected":false},"author":1,"featured_media":0,"parent":0,"menu_order":0,"comment_status":"closed","ping_status":"closed","template":"","meta":{"om_disable_all_campaigns":false,"_uag_custom_page_level_css":"","_monsterinsights_skip_tracking":false,"_monsterinsights_sitenote_active":false,"_monsterinsights_sitenote_note":"","_monsterinsights_sitenote_category":0,"site-sidebar-layout":"no-sidebar","site-content-layout":"page-builder","ast-site-content-layout":"full-width-container","site-content-style":"unboxed","site-sidebar-style":"unboxed","ast-global-header-display":"","ast-banner-title-visibility":"","ast-main-header-display":"","ast-hfb-above-header-display":"","ast-hfb-below-header-display":"","ast-hfb-mobile-header-display":"","site-post-title":"disabled","ast-breadcrumbs-content":"","ast-featured-img":"disabled","footer-sml-layout":"","theme-transparent-header-meta":"enabled","adv-header-id-meta":"","stick-header-meta":"","header-above-stick-meta":"","header-main-stick-meta":"","header-below-stick-meta":"","astra-migrate-meta-layouts":"set","ast-page-background-enabled":"default","ast-page-background-meta":{"desktop":{"background-color":"","background-image":"","background-repeat":"repeat","background-position":"center center","background-size":"auto","background-attachment":"scroll","background-type":"","background-media":"","overlay-type":"","overlay-color":"","overlay-opacity":"","overlay-gradient":""},"tablet":{"background-color":"","background-image":"","background-repeat":"repeat","background-position":"center center","background-size":"auto","background-attachment":"scroll","background-type":"","background-media":"","overlay-type":"","overlay-color":"","overlay-opacity":"","overlay-gradient":""},"mobile":{"background-color":"","background-image":"","background-repeat":"repeat","background-position":"center center","background-size":"auto","background-attachment":"scroll","background-type":"","background-media":"","overlay-type":"","overlay-color":"","overlay-opacity":"","overlay-gradient":""}},"ast-content-background-meta":{"desktop":{"background-color":"var(--ast-global-color-5)","background-image":"","background-repeat":"repeat","background-position":"center center","background-size":"auto","background-attachment":"scroll","background-type":"","background-media":"","overlay-type":"","overlay-color":"","overlay-opacity":"","overlay-gradient":""},"tablet":{"background-color":"var(--ast-global-color-5)","background-image":"","background-repeat":"repeat","background-position":"center center","background-size":"auto","background-attachment":"scroll","background-type":"","background-media":"","overlay-type":"","overlay-color":"","overlay-opacity":"","overlay-gradient":""},"mobile":{"background-color":"var(--ast-global-color-5)","background-image":"","background-repeat":"repeat","background-position":"center center","background-size":"auto","background-attachment":"scroll","background-type":"","background-media":"","overlay-type":"","overlay-color":"","overlay-opacity":"","overlay-gradient":""}},"footnotes":""},"class_list":["post-5759","page","type-page","status-publish","hentry"],"aioseo_notices":[],"uagb_featured_image_src":{"full":false,"thumbnail":false,"medium":false,"medium_large":false,"large":false,"1536x1536":false,"2048x2048":false,"trp-custom-language-flag":false},"uagb_author_info":{"display_name":"Asociaci\u00f3n de Generaci\u00f3n Renovable","author_link":"https:\/\/agrag.cl\/en\/author\/csozaproyectacomunicaciones-cl\/"},"uagb_comment_info":0,"uagb_excerpt":null,"_links":{"self":[{"href":"https:\/\/agrag.cl\/en\/wp-json\/wp\/v2\/pages\/5759","targetHints":{"allow":["GET"]}}],"collection":[{"href":"https:\/\/agrag.cl\/en\/wp-json\/wp\/v2\/pages"}],"about":[{"href":"https:\/\/agrag.cl\/en\/wp-json\/wp\/v2\/types\/page"}],"author":[{"embeddable":true,"href":"https:\/\/agrag.cl\/en\/wp-json\/wp\/v2\/users\/1"}],"replies":[{"embeddable":true,"href":"https:\/\/agrag.cl\/en\/wp-json\/wp\/v2\/comments?post=5759"}],"version-history":[{"count":57,"href":"https:\/\/agrag.cl\/en\/wp-json\/wp\/v2\/pages\/5759\/revisions"}],"predecessor-version":[{"id":6218,"href":"https:\/\/agrag.cl\/en\/wp-json\/wp\/v2\/pages\/5759\/revisions\/6218"}],"wp:attachment":[{"href":"https:\/\/agrag.cl\/en\/wp-json\/wp\/v2\/media?parent=5759"}],"curies":[{"name":"wp","href":"https:\/\/api.w.org\/{rel}","templated":true}]}}