{"id":5800,"date":"2024-12-23T15:52:35","date_gmt":"2024-12-23T15:52:35","guid":{"rendered":"https:\/\/agrag.cl\/?page_id=5800"},"modified":"2025-01-23T14:57:21","modified_gmt":"2025-01-23T14:57:21","slug":"nuevo-gremio","status":"publish","type":"page","link":"https:\/\/agrag.cl\/en\/nuevo-gremio\/","title":{"rendered":"Nuevo gremio"},"content":{"rendered":"<p><\/p>\n\n\n\n<div class=\"wp-block-uagb-advanced-heading uagb-block-d1ba3d0e\"><h3 class=\"uagb-heading-text\">New guild of renewable generation companies: Asociaci\u00f3n de Generaci\u00f3n Renovable A.G.<\/h3><\/div>\n\n\n\n<div style=\"height:100px\" aria-hidden=\"true\" class=\"wp-block-spacer\"><\/div>\n\n\n<p style=\"font-weight: 400;\">ACCIONA Energ\u00eda, Ibere\u00f3lica, Mainstream, and RWE have established a new industry association named the Renewable Generation Association A.G. (Asociaci\u00f3n de Generaci\u00f3n Renovable A.G.), whose Articles of Incorporation have been submitted to the Ministry of Economy for approval.<\/p>\n<p style=\"font-weight: 400;\">This new association aims to promote a regulatory framework that addresses the current challenges of the energy transition, supporting the development, operation, and protection of the renewable energy and storage industries while ensuring a competitive market.<\/p>\n<p style=\"font-weight: 400;\">Once the Articles of Incorporation are approved, the Board of Directors for this new entity will be composed, for a 12-month period, of the top representatives of the founding companies: Jaime Toledo from ACCIONA Energ\u00eda as President, Manuel Tagle from Mainstream as Vice President, Alfredo Za\u00f1artu from RWE as Secretary, and Guillermo Dunlop from Ibere\u00f3lica as Treasurer.<\/p>\n<p style=\"font-weight: 400;\">\u201cTo meet Chile\u2019s ambitious climate commitments and achieve carbon neutrality, we need to accelerate the decarbonization of our energy matrix while ensuring equal conditions for the development of all clean energy generation technologies. Additionally, regulatory and administrative changes must be implemented in a timely manner to maintain Chile as an attractive market for the investments required for the energy transition,\u201d explained Jaime Toledo.<\/p>\n<p style=\"font-weight: 400;\">Although the association will be officially constituted once the bylaws are approved by the Ministry of Economy, the founding companies are already working on proposals to collaboratively contribute to the improvement of the existing regulatory framework.\u00a0<\/p>\n\n\n<p><\/p>","protected":false},"excerpt":{"rendered":"<p>Nuevo gremio de generadoras renovables: Asociaci\u00f3n de Generaci\u00f3n Renovable A.G. 24 de octubre, 2024.- ACCIONA Energ\u00eda, Ibere\u00f3lica, Mainstream y RWE han conformado una nueva asociaci\u00f3n gremial denominada \u201cAsociaci\u00f3n de Generaci\u00f3n Renovable A.G.\u201d, cuya Acta Constitutiva ha sido ingresada al Ministerio de Econom\u00eda para su aprobaci\u00f3n. Este nuevo gremio busca impulsar un marco regulatorio que responda [&hellip;]<\/p>","protected":false},"author":1,"featured_media":0,"parent":0,"menu_order":0,"comment_status":"closed","ping_status":"closed","template":"","meta":{"om_disable_all_campaigns":false,"_uag_custom_page_level_css":"","_monsterinsights_skip_tracking":false,"_monsterinsights_sitenote_active":false,"_monsterinsights_sitenote_note":"","_monsterinsights_sitenote_category":0,"site-sidebar-layout":"default","site-content-layout":"","ast-site-content-layout":"default","site-content-style":"default","site-sidebar-style":"default","ast-global-header-display":"","ast-banner-title-visibility":"","ast-main-header-display":"","ast-hfb-above-header-display":"","ast-hfb-below-header-display":"","ast-hfb-mobile-header-display":"","site-post-title":"disabled","ast-breadcrumbs-content":"","ast-featured-img":"","footer-sml-layout":"","theme-transparent-header-meta":"","adv-header-id-meta":"","stick-header-meta":"","header-above-stick-meta":"","header-main-stick-meta":"","header-below-stick-meta":"","astra-migrate-meta-layouts":"set","ast-page-background-enabled":"default","ast-page-background-meta":{"desktop":{"background-color":"","background-image":"","background-repeat":"repeat","background-position":"center center","background-size":"auto","background-attachment":"scroll","background-type":"","background-media":"","overlay-type":"","overlay-color":"","overlay-opacity":"","overlay-gradient":""},"tablet":{"background-color":"","background-image":"","background-repeat":"repeat","background-position":"center center","background-size":"auto","background-attachment":"scroll","background-type":"","background-media":"","overlay-type":"","overlay-color":"","overlay-opacity":"","overlay-gradient":""},"mobile":{"background-color":"","background-image":"","background-repeat":"repeat","background-position":"center center","background-size":"auto","background-attachment":"scroll","background-type":"","background-media":"","overlay-type":"","overlay-color":"","overlay-opacity":"","overlay-gradient":""}},"ast-content-background-meta":{"desktop":{"background-color":"var(--ast-global-color-5)","background-image":"","background-repeat":"repeat","background-position":"center center","background-size":"auto","background-attachment":"scroll","background-type":"","background-media":"","overlay-type":"","overlay-color":"","overlay-opacity":"","overlay-gradient":""},"tablet":{"background-color":"var(--ast-global-color-5)","background-image":"","background-repeat":"repeat","background-position":"center center","background-size":"auto","background-attachment":"scroll","background-type":"","background-media":"","overlay-type":"","overlay-color":"","overlay-opacity":"","overlay-gradient":""},"mobile":{"background-color":"var(--ast-global-color-5)","background-image":"","background-repeat":"repeat","background-position":"center center","background-size":"auto","background-attachment":"scroll","background-type":"","background-media":"","overlay-type":"","overlay-color":"","overlay-opacity":"","overlay-gradient":""}},"footnotes":""},"class_list":["post-5800","page","type-page","status-publish","hentry"],"aioseo_notices":[],"uagb_featured_image_src":{"full":false,"thumbnail":false,"medium":false,"medium_large":false,"large":false,"1536x1536":false,"2048x2048":false,"trp-custom-language-flag":false},"uagb_author_info":{"display_name":"Asociaci\u00f3n de Generaci\u00f3n Renovable","author_link":"https:\/\/agrag.cl\/en\/author\/csozaproyectacomunicaciones-cl\/"},"uagb_comment_info":0,"uagb_excerpt":"Nuevo gremio de generadoras renovables: Asociaci\u00f3n de Generaci\u00f3n Renovable A.G. 24 de octubre, 2024.- ACCIONA Energ\u00eda, Ibere\u00f3lica, Mainstream y RWE han conformado una nueva asociaci\u00f3n gremial denominada \u201cAsociaci\u00f3n de Generaci\u00f3n Renovable A.G.\u201d, cuya Acta Constitutiva ha sido ingresada al Ministerio de Econom\u00eda para su aprobaci\u00f3n. Este nuevo gremio busca impulsar un marco regulatorio que responda&hellip;","_links":{"self":[{"href":"https:\/\/agrag.cl\/en\/wp-json\/wp\/v2\/pages\/5800","targetHints":{"allow":["GET"]}}],"collection":[{"href":"https:\/\/agrag.cl\/en\/wp-json\/wp\/v2\/pages"}],"about":[{"href":"https:\/\/agrag.cl\/en\/wp-json\/wp\/v2\/types\/page"}],"author":[{"embeddable":true,"href":"https:\/\/agrag.cl\/en\/wp-json\/wp\/v2\/users\/1"}],"replies":[{"embeddable":true,"href":"https:\/\/agrag.cl\/en\/wp-json\/wp\/v2\/comments?post=5800"}],"version-history":[{"count":5,"href":"https:\/\/agrag.cl\/en\/wp-json\/wp\/v2\/pages\/5800\/revisions"}],"predecessor-version":[{"id":5806,"href":"https:\/\/agrag.cl\/en\/wp-json\/wp\/v2\/pages\/5800\/revisions\/5806"}],"wp:attachment":[{"href":"https:\/\/agrag.cl\/en\/wp-json\/wp\/v2\/media?parent=5800"}],"curies":[{"name":"wp","href":"https:\/\/api.w.org\/{rel}","templated":true}]}}